{"id":624,"date":"2021-11-01T14:49:27","date_gmt":"2021-11-01T14:49:27","guid":{"rendered":"https:\/\/demo.glthemes.com\/education-center-pro\/?page_id=624"},"modified":"2022-07-14T12:52:31","modified_gmt":"2022-07-14T12:52:31","slug":"terms-of-use","status":"publish","type":"page","link":"https:\/\/mcpmed-ti.edu.eu\/fr\/terms-of-use\/","title":{"rendered":"Conditions d'utilisation"},"content":{"rendered":"<p>Les conditions de service (\u00e9galement appel\u00e9es conditions d'utilisation et conditions g\u00e9n\u00e9rales, commun\u00e9ment abr\u00e9g\u00e9es en CGS ou ToS, ToU ou T&amp;C) sont les accords juridiques conclus entre un fournisseur de services et une personne qui souhaite utiliser ce service.<\/p>\n\n\n\n<p>La personne doit accepter de se conformer aux conditions d'utilisation pour pouvoir utiliser le service propos\u00e9. Les conditions d'utilisation peuvent aussi n'\u00eatre qu'une simple clause de non-responsabilit\u00e9, notamment en ce qui concerne l'utilisation des sites web. Les termes vagues et les phrases longues utilis\u00e9s dans les conditions d'utilisation ont suscit\u00e9 des inqui\u00e9tudes quant \u00e0 la protection de la vie priv\u00e9e des clients et ont sensibilis\u00e9 le public \u00e0 de nombreux \u00e9gards.<\/p>\n\n\n\n<p>L'accord sur les conditions de service est principalement utilis\u00e9 \u00e0 des fins juridiques par les entreprises qui fournissent des logiciels ou des services, tels que les navigateurs web, le commerce \u00e9lectronique, les moteurs de recherche web, les m\u00e9dias sociaux et les services de transport.<\/p>\n\n\n\n<p>Un accord l\u00e9gitime sur les conditions de service est juridiquement contraignant et peut faire l'objet de modifications. Les entreprises peuvent faire respecter les conditions en refusant de fournir un service. Les clients peuvent les faire respecter en intentant une action en justice ou en recourant \u00e0 l'arbitrage s'ils peuvent prouver qu'ils ont \u00e9t\u00e9 r\u00e9ellement l\u00e9s\u00e9s par une violation des conditions d'utilisation.<\/p>\n\n\n\n<p>Le risque d'\u00e9garement des donn\u00e9es est accru lors des changements d'entreprise, y compris les fusions, les cessions, les rachats, les r\u00e9ductions d'effectifs, etc.<\/p>","protected":false},"excerpt":{"rendered":"<p>Terms of service (also known as terms of use and terms and conditions, commonly abbreviated as TOS or ToS, ToU or T&amp;C) are the legal agreements between a service provider and a person who wants to use that service. The person must agree to abide by the terms of service in order to use the&#8230;<\/p>","protected":false},"author":1,"featured_media":0,"parent":0,"menu_order":0,"comment_status":"closed","ping_status":"closed","template":"","meta":{"_monsterinsights_skip_tracking":false,"_monsterinsights_sitenote_active":false,"_monsterinsights_sitenote_note":"","_monsterinsights_sitenote_category":0,"footnotes":""},"class_list":["post-624","page","type-page","status-publish","hentry"],"yoast_head":"<!-- This site is optimized with the Yoast SEO Premium plugin v27.4 (Yoast SEO v27.4) - https:\/\/yoast.com\/product\/yoast-seo-premium-wordpress\/ -->\n<title>Terms of Use - MCP Med TI<\/title>\n<meta name=\"robots\" content=\"index, follow, max-snippet:-1, max-image-preview:large, max-video-preview:-1\" \/>\n<link rel=\"canonical\" href=\"https:\/\/mcpmed-ti.edu.eu\/fr\/terms-of-use\/\" \/>\n<meta property=\"og:locale\" content=\"fr_FR\" \/>\n<meta property=\"og:type\" content=\"article\" \/>\n<meta property=\"og:title\" content=\"Terms of Use\" \/>\n<meta property=\"og:description\" content=\"Terms of service (also known as terms of use and terms and conditions, commonly abbreviated as TOS or ToS, ToU or T&amp;C) are the legal agreements between a service provider and a person who wants to use that service. The person must agree to abide by the terms of service in order to use the&#8230;\" \/>\n<meta property=\"og:url\" content=\"https:\/\/mcpmed-ti.edu.eu\/fr\/terms-of-use\/\" \/>\n<meta property=\"og:site_name\" content=\"MCP Med TI\" \/>\n<meta property=\"article:modified_time\" content=\"2022-07-14T12:52:31+00:00\" \/>\n<meta name=\"twitter:card\" content=\"summary_large_image\" \/>\n<meta name=\"twitter:label1\" content=\"Dur\u00e9e de lecture estim\u00e9e\" \/>\n\t<meta name=\"twitter:data1\" content=\"1 minute\" \/>\n<script type=\"application\/ld+json\" class=\"yoast-schema-graph\">{\"@context\":\"https:\\\/\\\/schema.org\",\"@graph\":[{\"@type\":\"WebPage\",\"@id\":\"https:\\\/\\\/mcpmed-ti.edu.eu\\\/terms-of-use\\\/\",\"url\":\"https:\\\/\\\/mcpmed-ti.edu.eu\\\/terms-of-use\\\/\",\"name\":\"Terms of Use - MCP Med TI\",\"isPartOf\":{\"@id\":\"https:\\\/\\\/mcpmed-ti.edu.eu\\\/#website\"},\"datePublished\":\"2021-11-01T14:49:27+00:00\",\"dateModified\":\"2022-07-14T12:52:31+00:00\",\"breadcrumb\":{\"@id\":\"https:\\\/\\\/mcpmed-ti.edu.eu\\\/terms-of-use\\\/#breadcrumb\"},\"inLanguage\":\"fr-FR\",\"potentialAction\":[{\"@type\":\"ReadAction\",\"target\":[\"https:\\\/\\\/mcpmed-ti.edu.eu\\\/terms-of-use\\\/\"]}]},{\"@type\":\"BreadcrumbList\",\"@id\":\"https:\\\/\\\/mcpmed-ti.edu.eu\\\/terms-of-use\\\/#breadcrumb\",\"itemListElement\":[{\"@type\":\"ListItem\",\"position\":1,\"name\":\"Home\",\"item\":\"https:\\\/\\\/mcpmed-ti.edu.eu\\\/\"},{\"@type\":\"ListItem\",\"position\":2,\"name\":\"Terms of Use\"}]},{\"@type\":\"WebSite\",\"@id\":\"https:\\\/\\\/mcpmed-ti.edu.eu\\\/#website\",\"url\":\"https:\\\/\\\/mcpmed-ti.edu.eu\\\/\",\"name\":\"MCP Med TI\",\"description\":\"MCP Med TI\",\"publisher\":{\"@id\":\"https:\\\/\\\/mcpmed-ti.edu.eu\\\/#organization\"},\"potentialAction\":[{\"@type\":\"SearchAction\",\"target\":{\"@type\":\"EntryPoint\",\"urlTemplate\":\"https:\\\/\\\/mcpmed-ti.edu.eu\\\/?s={search_term_string}\"},\"query-input\":{\"@type\":\"PropertyValueSpecification\",\"valueRequired\":true,\"valueName\":\"search_term_string\"}}],\"inLanguage\":\"fr-FR\"},{\"@type\":\"Organization\",\"@id\":\"https:\\\/\\\/mcpmed-ti.edu.eu\\\/#organization\",\"name\":\"MCP Med Training Institute\",\"url\":\"https:\\\/\\\/mcpmed-ti.edu.eu\\\/\",\"logo\":{\"@type\":\"ImageObject\",\"inLanguage\":\"fr-FR\",\"@id\":\"https:\\\/\\\/mcpmed-ti.edu.eu\\\/#\\\/schema\\\/logo\\\/image\\\/\",\"url\":\"https:\\\/\\\/mcpmed-ti.edu.eu\\\/wp-content\\\/uploads\\\/2022\\\/04\\\/cropped-cropped-256px_MCPMedTI-1.png\",\"contentUrl\":\"https:\\\/\\\/mcpmed-ti.edu.eu\\\/wp-content\\\/uploads\\\/2022\\\/04\\\/cropped-cropped-256px_MCPMedTI-1.png\",\"width\":512,\"height\":512,\"caption\":\"MCP Med Training Institute\"},\"image\":{\"@id\":\"https:\\\/\\\/mcpmed-ti.edu.eu\\\/#\\\/schema\\\/logo\\\/image\\\/\"},\"sameAs\":[\"https:\\\/\\\/linkedin.com\\\/company\\\/mcpmedti\"]}]}<\/script>\n<!-- \/ Yoast SEO Premium plugin. -->","yoast_head_json":{"title":"Terms of Use - MCP Med TI","robots":{"index":"index","follow":"follow","max-snippet":"max-snippet:-1","max-image-preview":"max-image-preview:large","max-video-preview":"max-video-preview:-1"},"canonical":"https:\/\/mcpmed-ti.edu.eu\/fr\/terms-of-use\/","og_locale":"fr_FR","og_type":"article","og_title":"Terms of Use","og_description":"Terms of service (also known as terms of use and terms and conditions, commonly abbreviated as TOS or ToS, ToU or T&amp;C) are the legal agreements between a service provider and a person who wants to use that service. The person must agree to abide by the terms of service in order to use the&#8230;","og_url":"https:\/\/mcpmed-ti.edu.eu\/fr\/terms-of-use\/","og_site_name":"MCP Med TI","article_modified_time":"2022-07-14T12:52:31+00:00","twitter_card":"summary_large_image","twitter_misc":{"Dur\u00e9e de lecture estim\u00e9e":"1 minute"},"schema":{"@context":"https:\/\/schema.org","@graph":[{"@type":"WebPage","@id":"https:\/\/mcpmed-ti.edu.eu\/terms-of-use\/","url":"https:\/\/mcpmed-ti.edu.eu\/terms-of-use\/","name":"Terms of Use - MCP Med TI","isPartOf":{"@id":"https:\/\/mcpmed-ti.edu.eu\/#website"},"datePublished":"2021-11-01T14:49:27+00:00","dateModified":"2022-07-14T12:52:31+00:00","breadcrumb":{"@id":"https:\/\/mcpmed-ti.edu.eu\/terms-of-use\/#breadcrumb"},"inLanguage":"fr-FR","potentialAction":[{"@type":"ReadAction","target":["https:\/\/mcpmed-ti.edu.eu\/terms-of-use\/"]}]},{"@type":"BreadcrumbList","@id":"https:\/\/mcpmed-ti.edu.eu\/terms-of-use\/#breadcrumb","itemListElement":[{"@type":"ListItem","position":1,"name":"Home","item":"https:\/\/mcpmed-ti.edu.eu\/"},{"@type":"ListItem","position":2,"name":"Terms of Use"}]},{"@type":"WebSite","@id":"https:\/\/mcpmed-ti.edu.eu\/#website","url":"https:\/\/mcpmed-ti.edu.eu\/","name":"MCP Med TI","description":"MCP Med TI","publisher":{"@id":"https:\/\/mcpmed-ti.edu.eu\/#organization"},"potentialAction":[{"@type":"SearchAction","target":{"@type":"EntryPoint","urlTemplate":"https:\/\/mcpmed-ti.edu.eu\/?s={search_term_string}"},"query-input":{"@type":"PropertyValueSpecification","valueRequired":true,"valueName":"search_term_string"}}],"inLanguage":"fr-FR"},{"@type":"Organization","@id":"https:\/\/mcpmed-ti.edu.eu\/#organization","name":"Institut de formation m\u00e9dicale MCP","url":"https:\/\/mcpmed-ti.edu.eu\/","logo":{"@type":"ImageObject","inLanguage":"fr-FR","@id":"https:\/\/mcpmed-ti.edu.eu\/#\/schema\/logo\/image\/","url":"https:\/\/mcpmed-ti.edu.eu\/wp-content\/uploads\/2022\/04\/cropped-cropped-256px_MCPMedTI-1.png","contentUrl":"https:\/\/mcpmed-ti.edu.eu\/wp-content\/uploads\/2022\/04\/cropped-cropped-256px_MCPMedTI-1.png","width":512,"height":512,"caption":"MCP Med Training Institute"},"image":{"@id":"https:\/\/mcpmed-ti.edu.eu\/#\/schema\/logo\/image\/"},"sameAs":["https:\/\/linkedin.com\/company\/mcpmedti"]}]}},"_links":{"self":[{"href":"https:\/\/mcpmed-ti.edu.eu\/fr\/wp-json\/wp\/v2\/pages\/624","targetHints":{"allow":["GET"]}}],"collection":[{"href":"https:\/\/mcpmed-ti.edu.eu\/fr\/wp-json\/wp\/v2\/pages"}],"about":[{"href":"https:\/\/mcpmed-ti.edu.eu\/fr\/wp-json\/wp\/v2\/types\/page"}],"author":[{"embeddable":true,"href":"https:\/\/mcpmed-ti.edu.eu\/fr\/wp-json\/wp\/v2\/users\/1"}],"replies":[{"embeddable":true,"href":"https:\/\/mcpmed-ti.edu.eu\/fr\/wp-json\/wp\/v2\/comments?post=624"}],"version-history":[{"count":1,"href":"https:\/\/mcpmed-ti.edu.eu\/fr\/wp-json\/wp\/v2\/pages\/624\/revisions"}],"predecessor-version":[{"id":2434,"href":"https:\/\/mcpmed-ti.edu.eu\/fr\/wp-json\/wp\/v2\/pages\/624\/revisions\/2434"}],"wp:attachment":[{"href":"https:\/\/mcpmed-ti.edu.eu\/fr\/wp-json\/wp\/v2\/media?parent=624"}],"curies":[{"name":"wp","href":"https:\/\/api.w.org\/{rel}","templated":true}]}}