{"id":626,"date":"2021-11-01T14:50:17","date_gmt":"2021-11-01T14:50:17","guid":{"rendered":"https:\/\/demo.glthemes.com\/education-center-pro\/?page_id=626"},"modified":"2025-03-07T08:38:34","modified_gmt":"2025-03-07T07:38:34","slug":"cookie-policy","status":"publish","type":"page","link":"https:\/\/mcpmed-ti.edu.eu\/fr\/cookie-policy\/","title":{"rendered":"Politique relative aux cookies"},"content":{"rendered":"<p>Les cookies HTTP (\u00e9galement appel\u00e9s cookies web, cookies Internet, cookies de navigateur ou simplement cookies) sont de petits blocs de donn\u00e9es cr\u00e9\u00e9s par un serveur web lorsqu'un utilisateur navigue sur un site web et plac\u00e9s sur l'ordinateur de l'utilisateur ou sur d'autres appareils par le navigateur web de l'utilisateur.<\/p>\n\n\n\n<p>Les cookies sont plac\u00e9s sur l'appareil utilis\u00e9 pour acc\u00e9der \u00e0 un site web, et plusieurs cookies peuvent \u00eatre plac\u00e9s sur l'appareil d'un utilisateur au cours d'une session. Les cookies remplissent des fonctions utiles et parfois essentielles sur le web.<\/p>\n\n\n\n<p>Ils permettent aux serveurs web de stocker des informations avec \u00e9tat (comme les articles ajout\u00e9s au panier dans un magasin en ligne) sur l'appareil de l'utilisateur ou de suivre l'activit\u00e9 de navigation de l'utilisateur (y compris le fait de cliquer sur des boutons particuliers, de se connecter ou d'enregistrer les pages visit\u00e9es dans le pass\u00e9).<\/p>\n\n\n\n<p>Ils peuvent \u00e9galement \u00eatre utilis\u00e9s pour sauvegarder, en vue d'une utilisation ult\u00e9rieure, des informations que l'utilisateur a pr\u00e9c\u00e9demment saisies dans des champs de formulaire, telles que des noms, des adresses, des mots de passe et des num\u00e9ros de carte de paiement.<\/p>\n\n\n\n<p>Les cookies d'authentification sont g\u00e9n\u00e9ralement utilis\u00e9s par les serveurs web pour authentifier qu'un utilisateur est connect\u00e9, et avec quel compte il est connect\u00e9. Sans ce cookie, les utilisateurs devraient s'authentifier en se connectant sur chaque page contenant des informations sensibles auxquelles ils souhaitent acc\u00e9der.<\/p>\n\n\n\n<p>La s\u00e9curit\u00e9 d'un cookie d'authentification d\u00e9pend g\u00e9n\u00e9ralement de la s\u00e9curit\u00e9 du site web \u00e9metteur et du navigateur web de l'utilisateur, ainsi que du cryptage des donn\u00e9es du cookie.<\/p>\n\n\n\n<p>Des failles de s\u00e9curit\u00e9 peuvent permettre \u00e0 un pirate de lire les donn\u00e9es d'un cookie, d'acc\u00e9der aux donn\u00e9es de l'utilisateur ou d'acc\u00e9der (avec les informations d'identification de l'utilisateur) au site web auquel appartient le cookie (voir cross-site scripting et cross-site request forgery pour des exemples). Les cookies de suivi, et en particulier les cookies de suivi de tiers, sont couramment utilis\u00e9s pour compiler des enregistrements \u00e0 long terme de l'historique de navigation des individus - un probl\u00e8me potentiel de protection de la vie priv\u00e9e qui a incit\u00e9 les l\u00e9gislateurs europ\u00e9ens et am\u00e9ricains \u00e0 prendre des mesures en 2011. La l\u00e9gislation europ\u00e9enne exige que tous les sites web ciblant les \u00c9tats membres de l'Union europ\u00e9enne obtiennent le \u2019consentement \u00e9clair\u00e9\u201c des utilisateurs avant de stocker des cookies non essentiels sur leur appareil.<\/p>","protected":false},"excerpt":{"rendered":"<p>HTTP cookies (also called web cookies, Internet cookies, browser cookies, or simply cookies) are small blocks of data created by a web server while a user is browsing a website and placed on the user\u2019s computer or other devices by the user\u2019s web browser. Cookies are placed on the device used to access a website,&#8230;<\/p>","protected":false},"author":1,"featured_media":0,"parent":0,"menu_order":0,"comment_status":"closed","ping_status":"closed","template":"","meta":{"_monsterinsights_skip_tracking":false,"_monsterinsights_sitenote_active":false,"_monsterinsights_sitenote_note":"","_monsterinsights_sitenote_category":0,"footnotes":""},"class_list":["post-626","page","type-page","status-publish","hentry"],"yoast_head":"<!-- This site is optimized with the Yoast SEO Premium plugin v27.4 (Yoast SEO v27.4) - https:\/\/yoast.com\/product\/yoast-seo-premium-wordpress\/ -->\n<title>Cookie Policy - MCP Med TI<\/title>\n<meta name=\"robots\" content=\"index, follow, max-snippet:-1, max-image-preview:large, max-video-preview:-1\" \/>\n<link rel=\"canonical\" href=\"https:\/\/mcpmed-ti.edu.eu\/fr\/cookie-policy\/\" \/>\n<meta property=\"og:locale\" content=\"fr_FR\" \/>\n<meta property=\"og:type\" content=\"article\" \/>\n<meta property=\"og:title\" content=\"Cookie Policy\" \/>\n<meta property=\"og:description\" content=\"HTTP cookies (also called web cookies, Internet cookies, browser cookies, or simply cookies) are small blocks of data created by a web server while a user is browsing a website and placed on the user\u2019s computer or other devices by the user\u2019s web browser. Cookies are placed on the device used to access a website,&#8230;\" \/>\n<meta property=\"og:url\" content=\"https:\/\/mcpmed-ti.edu.eu\/fr\/cookie-policy\/\" \/>\n<meta property=\"og:site_name\" content=\"MCP Med TI\" \/>\n<meta property=\"article:modified_time\" content=\"2025-03-07T07:38:34+00:00\" \/>\n<meta name=\"twitter:card\" content=\"summary_large_image\" \/>\n<meta name=\"twitter:label1\" content=\"Dur\u00e9e de lecture estim\u00e9e\" \/>\n\t<meta name=\"twitter:data1\" content=\"2 minutes\" \/>\n<script type=\"application\/ld+json\" class=\"yoast-schema-graph\">{\"@context\":\"https:\\\/\\\/schema.org\",\"@graph\":[{\"@type\":\"WebPage\",\"@id\":\"https:\\\/\\\/mcpmed-ti.edu.eu\\\/cookie-policy\\\/\",\"url\":\"https:\\\/\\\/mcpmed-ti.edu.eu\\\/cookie-policy\\\/\",\"name\":\"Cookie Policy - MCP Med TI\",\"isPartOf\":{\"@id\":\"https:\\\/\\\/mcpmed-ti.edu.eu\\\/#website\"},\"datePublished\":\"2021-11-01T14:50:17+00:00\",\"dateModified\":\"2025-03-07T07:38:34+00:00\",\"breadcrumb\":{\"@id\":\"https:\\\/\\\/mcpmed-ti.edu.eu\\\/cookie-policy\\\/#breadcrumb\"},\"inLanguage\":\"fr-FR\",\"potentialAction\":[{\"@type\":\"ReadAction\",\"target\":[\"https:\\\/\\\/mcpmed-ti.edu.eu\\\/cookie-policy\\\/\"]}]},{\"@type\":\"BreadcrumbList\",\"@id\":\"https:\\\/\\\/mcpmed-ti.edu.eu\\\/cookie-policy\\\/#breadcrumb\",\"itemListElement\":[{\"@type\":\"ListItem\",\"position\":1,\"name\":\"Home\",\"item\":\"https:\\\/\\\/mcpmed-ti.edu.eu\\\/\"},{\"@type\":\"ListItem\",\"position\":2,\"name\":\"Cookie Policy\"}]},{\"@type\":\"WebSite\",\"@id\":\"https:\\\/\\\/mcpmed-ti.edu.eu\\\/#website\",\"url\":\"https:\\\/\\\/mcpmed-ti.edu.eu\\\/\",\"name\":\"MCP Med TI\",\"description\":\"MCP Med TI\",\"publisher\":{\"@id\":\"https:\\\/\\\/mcpmed-ti.edu.eu\\\/#organization\"},\"potentialAction\":[{\"@type\":\"SearchAction\",\"target\":{\"@type\":\"EntryPoint\",\"urlTemplate\":\"https:\\\/\\\/mcpmed-ti.edu.eu\\\/?s={search_term_string}\"},\"query-input\":{\"@type\":\"PropertyValueSpecification\",\"valueRequired\":true,\"valueName\":\"search_term_string\"}}],\"inLanguage\":\"fr-FR\"},{\"@type\":\"Organization\",\"@id\":\"https:\\\/\\\/mcpmed-ti.edu.eu\\\/#organization\",\"name\":\"MCP Med Training Institute\",\"url\":\"https:\\\/\\\/mcpmed-ti.edu.eu\\\/\",\"logo\":{\"@type\":\"ImageObject\",\"inLanguage\":\"fr-FR\",\"@id\":\"https:\\\/\\\/mcpmed-ti.edu.eu\\\/#\\\/schema\\\/logo\\\/image\\\/\",\"url\":\"https:\\\/\\\/mcpmed-ti.edu.eu\\\/wp-content\\\/uploads\\\/2022\\\/04\\\/cropped-cropped-256px_MCPMedTI-1.png\",\"contentUrl\":\"https:\\\/\\\/mcpmed-ti.edu.eu\\\/wp-content\\\/uploads\\\/2022\\\/04\\\/cropped-cropped-256px_MCPMedTI-1.png\",\"width\":512,\"height\":512,\"caption\":\"MCP Med Training Institute\"},\"image\":{\"@id\":\"https:\\\/\\\/mcpmed-ti.edu.eu\\\/#\\\/schema\\\/logo\\\/image\\\/\"},\"sameAs\":[\"https:\\\/\\\/linkedin.com\\\/company\\\/mcpmedti\"]}]}<\/script>\n<!-- \/ Yoast SEO Premium plugin. -->","yoast_head_json":{"title":"Cookie Policy - MCP Med TI","robots":{"index":"index","follow":"follow","max-snippet":"max-snippet:-1","max-image-preview":"max-image-preview:large","max-video-preview":"max-video-preview:-1"},"canonical":"https:\/\/mcpmed-ti.edu.eu\/fr\/cookie-policy\/","og_locale":"fr_FR","og_type":"article","og_title":"Cookie Policy","og_description":"HTTP cookies (also called web cookies, Internet cookies, browser cookies, or simply cookies) are small blocks of data created by a web server while a user is browsing a website and placed on the user\u2019s computer or other devices by the user\u2019s web browser. Cookies are placed on the device used to access a website,&#8230;","og_url":"https:\/\/mcpmed-ti.edu.eu\/fr\/cookie-policy\/","og_site_name":"MCP Med TI","article_modified_time":"2025-03-07T07:38:34+00:00","twitter_card":"summary_large_image","twitter_misc":{"Dur\u00e9e de lecture estim\u00e9e":"2 minutes"},"schema":{"@context":"https:\/\/schema.org","@graph":[{"@type":"WebPage","@id":"https:\/\/mcpmed-ti.edu.eu\/cookie-policy\/","url":"https:\/\/mcpmed-ti.edu.eu\/cookie-policy\/","name":"Cookie Policy - MCP Med TI","isPartOf":{"@id":"https:\/\/mcpmed-ti.edu.eu\/#website"},"datePublished":"2021-11-01T14:50:17+00:00","dateModified":"2025-03-07T07:38:34+00:00","breadcrumb":{"@id":"https:\/\/mcpmed-ti.edu.eu\/cookie-policy\/#breadcrumb"},"inLanguage":"fr-FR","potentialAction":[{"@type":"ReadAction","target":["https:\/\/mcpmed-ti.edu.eu\/cookie-policy\/"]}]},{"@type":"BreadcrumbList","@id":"https:\/\/mcpmed-ti.edu.eu\/cookie-policy\/#breadcrumb","itemListElement":[{"@type":"ListItem","position":1,"name":"Home","item":"https:\/\/mcpmed-ti.edu.eu\/"},{"@type":"ListItem","position":2,"name":"Cookie Policy"}]},{"@type":"WebSite","@id":"https:\/\/mcpmed-ti.edu.eu\/#website","url":"https:\/\/mcpmed-ti.edu.eu\/","name":"MCP Med TI","description":"MCP Med TI","publisher":{"@id":"https:\/\/mcpmed-ti.edu.eu\/#organization"},"potentialAction":[{"@type":"SearchAction","target":{"@type":"EntryPoint","urlTemplate":"https:\/\/mcpmed-ti.edu.eu\/?s={search_term_string}"},"query-input":{"@type":"PropertyValueSpecification","valueRequired":true,"valueName":"search_term_string"}}],"inLanguage":"fr-FR"},{"@type":"Organization","@id":"https:\/\/mcpmed-ti.edu.eu\/#organization","name":"Institut de formation m\u00e9dicale MCP","url":"https:\/\/mcpmed-ti.edu.eu\/","logo":{"@type":"ImageObject","inLanguage":"fr-FR","@id":"https:\/\/mcpmed-ti.edu.eu\/#\/schema\/logo\/image\/","url":"https:\/\/mcpmed-ti.edu.eu\/wp-content\/uploads\/2022\/04\/cropped-cropped-256px_MCPMedTI-1.png","contentUrl":"https:\/\/mcpmed-ti.edu.eu\/wp-content\/uploads\/2022\/04\/cropped-cropped-256px_MCPMedTI-1.png","width":512,"height":512,"caption":"MCP Med Training Institute"},"image":{"@id":"https:\/\/mcpmed-ti.edu.eu\/#\/schema\/logo\/image\/"},"sameAs":["https:\/\/linkedin.com\/company\/mcpmedti"]}]}},"_links":{"self":[{"href":"https:\/\/mcpmed-ti.edu.eu\/fr\/wp-json\/wp\/v2\/pages\/626","targetHints":{"allow":["GET"]}}],"collection":[{"href":"https:\/\/mcpmed-ti.edu.eu\/fr\/wp-json\/wp\/v2\/pages"}],"about":[{"href":"https:\/\/mcpmed-ti.edu.eu\/fr\/wp-json\/wp\/v2\/types\/page"}],"author":[{"embeddable":true,"href":"https:\/\/mcpmed-ti.edu.eu\/fr\/wp-json\/wp\/v2\/users\/1"}],"replies":[{"embeddable":true,"href":"https:\/\/mcpmed-ti.edu.eu\/fr\/wp-json\/wp\/v2\/comments?post=626"}],"version-history":[{"count":1,"href":"https:\/\/mcpmed-ti.edu.eu\/fr\/wp-json\/wp\/v2\/pages\/626\/revisions"}],"predecessor-version":[{"id":2431,"href":"https:\/\/mcpmed-ti.edu.eu\/fr\/wp-json\/wp\/v2\/pages\/626\/revisions\/2431"}],"wp:attachment":[{"href":"https:\/\/mcpmed-ti.edu.eu\/fr\/wp-json\/wp\/v2\/media?parent=626"}],"curies":[{"name":"wp","href":"https:\/\/api.w.org\/{rel}","templated":true}]}}